{"id":1123,"date":"2022-02-20T21:04:54","date_gmt":"2022-02-20T20:04:54","guid":{"rendered":"http:\/\/johanna-sophia.de\/?page_id=1123"},"modified":"2026-04-13T15:21:01","modified_gmt":"2026-04-13T13:21:01","slug":"theater-herzeigen","status":"publish","type":"page","link":"https:\/\/johanna-sophia.de\/?page_id=1123","title":{"rendered":"Theater HERZeigen"},"content":{"rendered":"\t\t<div data-elementor-type=\"wp-page\" data-elementor-id=\"1123\" class=\"elementor elementor-1123\">\n\t\t\t\t\t\t\t\t\t<section class=\"elementor-section elementor-top-section elementor-element elementor-element-2359d9b elementor-section-boxed elementor-section-height-default elementor-section-height-default\" data-id=\"2359d9b\" data-element_type=\"section\">\n\t\t\t\t\t\t<div class=\"elementor-container elementor-column-gap-default\">\n\t\t\t\t\t<div class=\"elementor-column elementor-col-100 elementor-top-column elementor-element elementor-element-58be81d\" data-id=\"58be81d\" data-element_type=\"column\">\n\t\t\t<div class=\"elementor-widget-wrap elementor-element-populated\">\n\t\t\t\t\t\t\t\t<div class=\"elementor-element elementor-element-0d568a6 elementor-widget elementor-widget-text-editor\" data-id=\"0d568a6\" data-element_type=\"widget\" data-widget_type=\"text-editor.default\">\n\t\t\t\t<div class=\"elementor-widget-container\">\n\t\t\t\t\t\t\t<div><p><span style=\"color: #000000;\">Das professionelle Gastspieltheater Theater HERZeigen wurde von Isabelle Guidi und Johanna Sophia M\u00fcller 2012 in T\u00fcbingen gegr\u00fcndet. Seit 2019 spielt Gwendolin Stisser im Theater mit.\u00a0In ihren Produktionen verbinden sie Schauspiel mit Bewegungstheater, Pantomime, Figurentheater und Musik.\u00a0Sie sind mit ihren St\u00fccken europaweit unterwegs.<\/span><\/p><p><i style=\"color: #000000; font-size: 14px;\">&#8222;Die beiden Schauspielerinnen schafften es mir einfachsten Mitteln, kreativen Verwandlungen, musikalischen Einlagen und kunstvollen Schattenspielen das Publikum zu begeistern. Ihre humorvollen Einlagen und die poetische Erz\u00e4hlweise faszinierten Jung und alt&#8220; \u00a0<\/i><br style=\"color: #000000; font-size: 14px;\" \/><span style=\"color: #000000; font-size: 14px;\">Kinderfreunde Renningen e.V.<\/span><span style=\"color: #000000;\"><br \/><\/span><\/p><\/div>\t\t\t\t\t\t<\/div>\n\t\t\t\t<\/div>\n\t\t\t\t<div class=\"elementor-element elementor-element-9f1fa88 elementor-arrows-position-inside elementor-widget elementor-widget-image-carousel\" data-id=\"9f1fa88\" data-element_type=\"widget\" data-settings=\"{&quot;slides_to_show&quot;:&quot;3&quot;,&quot;slides_to_scroll&quot;:&quot;1&quot;,&quot;navigation&quot;:&quot;arrows&quot;,&quot;autoplay&quot;:&quot;yes&quot;,&quot;pause_on_hover&quot;:&quot;yes&quot;,&quot;pause_on_interaction&quot;:&quot;yes&quot;,&quot;autoplay_speed&quot;:5000,&quot;infinite&quot;:&quot;yes&quot;,&quot;speed&quot;:500}\" data-widget_type=\"image-carousel.default\">\n\t\t\t\t<div class=\"elementor-widget-container\">\n\t\t\t\t\t<div class=\"elementor-image-carousel-wrapper swiper-container\" dir=\"ltr\">\n\t\t\t<div class=\"elementor-image-carousel swiper-wrapper\" aria-live=\"off\">\n\t\t\t\t\t\t\t\t<div class=\"swiper-slide\" role=\"group\" aria-roledescription=\"slide\" aria-label=\"1 von 4\"><figure class=\"swiper-slide-inner\"><img class=\"swiper-slide-image\" src=\"https:\/\/johanna-sophia.de\/wp-content\/uploads\/elementor\/thumbs\/traumfresserchen2-oku7ui8fueyu1rpe5ulluopktcij6slgey4isbopsw.jpg\" alt=\"traumfresserchen2\" \/><\/figure><\/div><div class=\"swiper-slide\" role=\"group\" aria-roledescription=\"slide\" aria-label=\"2 von 4\"><figure class=\"swiper-slide-inner\"><img class=\"swiper-slide-image\" src=\"https:\/\/johanna-sophia.de\/wp-content\/uploads\/elementor\/thumbs\/10.-Der-Ba\u0308r-der-nicht-da-war_Theater_HERZeigen-scaled-qggvq6ontl7m6y0h1db9j8voghq2xzvth5fgi7tcio.jpg\" alt=\"10. Der Ba\u0308r, der nicht da war_Theater_HERZeigen\" \/><\/figure><\/div><div class=\"swiper-slide\" role=\"group\" aria-roledescription=\"slide\" aria-label=\"3 von 4\"><figure class=\"swiper-slide-inner\"><img class=\"swiper-slide-image\" src=\"https:\/\/johanna-sophia.de\/wp-content\/uploads\/elementor\/thumbs\/2874_1547_1_g-oku81vaxdp1ozt0d616edttkc081hftrfe3g4crp28.jpg\" alt=\"2874_1547_1_g\" \/><\/figure><\/div><div class=\"swiper-slide\" role=\"group\" aria-roledescription=\"slide\" aria-label=\"4 von 4\"><figure class=\"swiper-slide-inner\"><img class=\"swiper-slide-image\" src=\"https:\/\/johanna-sophia.de\/wp-content\/uploads\/elementor\/thumbs\/B\u00fcblein-okucw9azc5rszdp7uwvmhbl7wiokjv4zqjbgfg78o0.jpg\" alt=\"B\u00fcblein\" \/><\/figure><\/div>\t\t\t<\/div>\n\t\t\t\t\t\t\t\t\t\t\t\t<div class=\"elementor-swiper-button elementor-swiper-button-prev\" role=\"button\" tabindex=\"0\">\n\t\t\t\t\t\t<i aria-hidden=\"true\" class=\"eicon-chevron-left\"><\/i>\t\t\t\t\t<\/div>\n\t\t\t\t\t<div class=\"elementor-swiper-button elementor-swiper-button-next\" role=\"button\" tabindex=\"0\">\n\t\t\t\t\t\t<i aria-hidden=\"true\" class=\"eicon-chevron-right\"><\/i>\t\t\t\t\t<\/div>\n\t\t\t\t\n\t\t\t\t\t\t\t\t\t<\/div>\n\t\t\t\t<\/div>\n\t\t\t\t<\/div>\n\t\t\t\t<div class=\"elementor-element elementor-element-3e0ce88 elementor-widget elementor-widget-text-editor\" data-id=\"3e0ce88\" data-element_type=\"widget\" data-widget_type=\"text-editor.default\">\n\t\t\t\t<div class=\"elementor-widget-container\">\n\t\t\t\t\t\t\t<p style=\"color: #000000; font-size: 14px;\"><a style=\"background-color: #ffffff;\" href=\"http:\/\/herz-eigen.de\/traumfresserchen\/\" target=\"_blank\" rel=\"noopener\">DAS TRAUMFRESSERCHEN<\/a>&nbsp;von Michael Ende<br>Ein musikalisches M\u00e4rchen f\u00fcr Kinder ab 4 Jahre<\/p>\n<p style=\"color: #000000; font-size: 14px;\"><a style=\"background-color: #ffffff;\" href=\"http:\/\/herz-eigen.de\/das-kleine-lumpenkasperle\/\" target=\"_blank\" rel=\"noopener\">DAS KLEINE LUMPENKASPERLE<\/a>&nbsp;von Michael Ende<br>Ein bewegtes Theater f\u00fcr Kinder ab 4 Jahre<br>Co.Regie: Sabine Niethammer<\/p>\n<p style=\"color: #000000; font-size: 14px;\"><a href=\"http:\/\/herz-eigen.de\/wichtelwitz-und-riesenmut\/\" target=\"_blank\" rel=\"noopener\">WICHTELWITZ und RIESENMUT<\/a><br>M\u00e4rchen und Geschichten von kleinen und gro\u00dfen Kerlen ab 4 Jahre<br>Co. Regie: Gabriele Sponner<\/p>\n<p style=\"color: #000000; font-size: 14px;\">D<a href=\"https:\/\/herz-eigen.de\/der-baer-der-nicht-da-war\/\" target=\"_blank\" rel=\"noopener\">ER B\u00c4R, DER NICHT DA WAR<\/a><br>ein Theaterst\u00fcck voller \u00dcberraschungen und Wunder<br>f\u00fcr alle ab 4 Jahre<br>Regie: Anetta Dick<\/p>\n<p style=\"color: #000000; font-size: 14px;\">Kreation\/ Figurenbau\/ Darstellung:<br>Isabelle Guidi, Johanna Sophia M\u00fcller,&nbsp;Gwendolin Stisser<\/p>\t\t\t\t\t\t<\/div>\n\t\t\t\t<\/div>\n\t\t\t\t<div class=\"elementor-element elementor-element-ef88f45 elementor-widget elementor-widget-button\" data-id=\"ef88f45\" data-element_type=\"widget\" data-widget_type=\"button.default\">\n\t\t\t\t<div class=\"elementor-widget-container\">\n\t\t\t\t\t<div class=\"elementor-button-wrapper\">\n\t\t\t<a class=\"elementor-button elementor-button-link elementor-size-sm\" href=\"http:\/\/www.herz-eigen.de\">\n\t\t\t\t\t\t<span class=\"elementor-button-content-wrapper\">\n\t\t\t\t\t\t<span class=\"elementor-button-text\">www.herz-eigen.de<\/span>\n\t\t<\/span>\n\t\t\t\t\t<\/a>\n\t\t<\/div>\n\t\t\t\t<\/div>\n\t\t\t\t<\/div>\n\t\t\t\t\t<\/div>\n\t\t<\/div>\n\t\t\t\t\t\t\t<\/div>\n\t\t<\/section>\n\t\t\t\t\t\t\t<\/div>\n\t\t","protected":false},"excerpt":{"rendered":"<p> [&hellip;]<\/p>\n","protected":false},"author":1,"featured_media":0,"parent":0,"menu_order":0,"comment_status":"closed","ping_status":"closed","template":"","meta":[],"_links":{"self":[{"href":"https:\/\/johanna-sophia.de\/index.php?rest_route=\/wp\/v2\/pages\/1123"}],"collection":[{"href":"https:\/\/johanna-sophia.de\/index.php?rest_route=\/wp\/v2\/pages"}],"about":[{"href":"https:\/\/johanna-sophia.de\/index.php?rest_route=\/wp\/v2\/types\/page"}],"author":[{"embeddable":true,"href":"https:\/\/johanna-sophia.de\/index.php?rest_route=\/wp\/v2\/users\/1"}],"replies":[{"embeddable":true,"href":"https:\/\/johanna-sophia.de\/index.php?rest_route=%2Fwp%2Fv2%2Fcomments&post=1123"}],"version-history":[{"count":10,"href":"https:\/\/johanna-sophia.de\/index.php?rest_route=\/wp\/v2\/pages\/1123\/revisions"}],"predecessor-version":[{"id":1776,"href":"https:\/\/johanna-sophia.de\/index.php?rest_route=\/wp\/v2\/pages\/1123\/revisions\/1776"}],"wp:attachment":[{"href":"https:\/\/johanna-sophia.de\/index.php?rest_route=%2Fwp%2Fv2%2Fmedia&parent=1123"}],"curies":[{"name":"wp","href":"https:\/\/api.w.org\/{rel}","templated":true}]}}