{"id":138,"date":"2018-10-10T17:36:51","date_gmt":"2018-10-10T15:36:51","guid":{"rendered":"http:\/\/johanna-sophia.de\/?page_id=138"},"modified":"2019-05-03T11:09:48","modified_gmt":"2019-05-03T09:09:48","slug":"kunst-2","status":"publish","type":"page","link":"https:\/\/johanna-sophia.de\/?page_id=138","title":{"rendered":"KUNST"},"content":{"rendered":"\t\t<div data-elementor-type=\"wp-page\" data-elementor-id=\"138\" class=\"elementor elementor-138 elementor-bc-flex-widget\">\n\t\t\t\t\t\t\t\t\t<section class=\"elementor-section elementor-top-section elementor-element elementor-element-8c8fd99 elementor-section-boxed elementor-section-height-default elementor-section-height-default\" data-id=\"8c8fd99\" data-element_type=\"section\">\n\t\t\t\t\t\t<div class=\"elementor-container elementor-column-gap-default\">\n\t\t\t\t\t<div class=\"elementor-column elementor-col-100 elementor-top-column elementor-element elementor-element-ea898ea\" data-id=\"ea898ea\" data-element_type=\"column\">\n\t\t\t<div class=\"elementor-widget-wrap elementor-element-populated\">\n\t\t\t\t\t\t\t\t<div class=\"elementor-element elementor-element-45da2b6 elementor-widget elementor-widget-text-editor\" data-id=\"45da2b6\" data-element_type=\"widget\" data-widget_type=\"text-editor.default\">\n\t\t\t\t<div class=\"elementor-widget-container\">\n\t\t\t\t\t\t\t<p><style type=\"text\/css\">P { margin-bottom: 0.21cm; }<\/style><\/p><p style=\"margin-bottom: 0cm;\" align=\"LEFT\"><span style=\"font-family: Courier, monospace;\">Deine F\u00fc\u00dfe wu\u00dften wenig von der Erde<\/span><\/p><p style=\"margin-bottom: 0cm;\" align=\"LEFT\"><span style=\"font-family: Courier, monospace;\">Sie wanderten auf einer Sarabande<\/span><\/p><p style=\"margin-bottom: 0cm;\" align=\"LEFT\"><span style=\"font-family: Courier, monospace;\">Bis zum Rande<\/span><\/p><p style=\"margin-bottom: 0cm;\" align=\"LEFT\"><span style=\"font-family: Courier, monospace;\">Denn Sehnsucht war deine Geb\u00e4rde<br \/>Wo du schliefst, da schlief ein Schmetterling<\/span><\/p><p style=\"margin-bottom: 0cm;\" align=\"LEFT\"><span style=\"font-family: Courier, monospace;\">Der Verwandlung sichtbarstes Zeichen<\/span><\/p><p style=\"margin-bottom: 0cm;\" align=\"LEFT\"><span style=\"font-family: Courier, monospace;\">Wie bald solltest du ihn erreichen<\/span><\/p><p style=\"margin-bottom: 0cm;\" align=\"LEFT\"><span style=\"font-family: Courier, monospace;\">Raupe und Puppe und schon ein Ding<br \/><br \/><\/span><\/p><p style=\"margin-bottom: 0cm;\" align=\"LEFT\"><em><span style=\"font-family: Courier, monospace;\">Nelly Sachs<\/span><\/em><\/p>\t\t\t\t\t\t<\/div>\n\t\t\t\t<\/div>\n\t\t\t\t\t<\/div>\n\t\t<\/div>\n\t\t\t\t\t\t\t<\/div>\n\t\t<\/section>\n\t\t\t\t<section class=\"elementor-section elementor-top-section elementor-element elementor-element-8e2cbdf elementor-section-boxed elementor-section-height-default elementor-section-height-default\" data-id=\"8e2cbdf\" data-element_type=\"section\">\n\t\t\t\t\t\t<div class=\"elementor-container elementor-column-gap-default\">\n\t\t\t\t\t<div class=\"elementor-column elementor-col-100 elementor-top-column elementor-element elementor-element-704cbab\" data-id=\"704cbab\" data-element_type=\"column\">\n\t\t\t<div class=\"elementor-widget-wrap elementor-element-populated\">\n\t\t\t\t\t\t\t\t<div class=\"elementor-element elementor-element-e61077a elementor-widget elementor-widget-image\" data-id=\"e61077a\" data-element_type=\"widget\" data-widget_type=\"image.default\">\n\t\t\t\t<div class=\"elementor-widget-container\">\n\t\t\t\t\t\t\t\t\t\t\t\t\t\t\t<img width=\"1024\" height=\"680\" src=\"https:\/\/johanna-sophia.de\/wp-content\/uploads\/2018\/10\/ta\u0308nzer-1-1024x680.jpg\" class=\"attachment-large size-large wp-image-139\" alt=\"\" loading=\"lazy\" srcset=\"https:\/\/johanna-sophia.de\/wp-content\/uploads\/2018\/10\/ta\u0308nzer-1-1024x680.jpg 1024w, https:\/\/johanna-sophia.de\/wp-content\/uploads\/2018\/10\/ta\u0308nzer-1-300x199.jpg 300w, https:\/\/johanna-sophia.de\/wp-content\/uploads\/2018\/10\/ta\u0308nzer-1-768x510.jpg 768w, https:\/\/johanna-sophia.de\/wp-content\/uploads\/2018\/10\/ta\u0308nzer-1-830x552.jpg 830w, https:\/\/johanna-sophia.de\/wp-content\/uploads\/2018\/10\/ta\u0308nzer-1-230x153.jpg 230w, https:\/\/johanna-sophia.de\/wp-content\/uploads\/2018\/10\/ta\u0308nzer-1-350x233.jpg 350w, https:\/\/johanna-sophia.de\/wp-content\/uploads\/2018\/10\/ta\u0308nzer-1-480x319.jpg 480w, https:\/\/johanna-sophia.de\/wp-content\/uploads\/2018\/10\/ta\u0308nzer-1.jpg 1228w\" sizes=\"(max-width: 1024px) 100vw, 1024px\" \/>\t\t\t\t\t\t\t\t\t\t\t\t\t\t\t<\/div>\n\t\t\t\t<\/div>\n\t\t\t\t\t<\/div>\n\t\t<\/div>\n\t\t\t\t\t\t\t<\/div>\n\t\t<\/section>\n\t\t\t\t\t\t\t<\/div>\n\t\t","protected":false},"excerpt":{"rendered":"<p> [&hellip;]<\/p>\n","protected":false},"author":1,"featured_media":0,"parent":0,"menu_order":0,"comment_status":"closed","ping_status":"closed","template":"","meta":[],"_links":{"self":[{"href":"https:\/\/johanna-sophia.de\/index.php?rest_route=\/wp\/v2\/pages\/138"}],"collection":[{"href":"https:\/\/johanna-sophia.de\/index.php?rest_route=\/wp\/v2\/pages"}],"about":[{"href":"https:\/\/johanna-sophia.de\/index.php?rest_route=\/wp\/v2\/types\/page"}],"author":[{"embeddable":true,"href":"https:\/\/johanna-sophia.de\/index.php?rest_route=\/wp\/v2\/users\/1"}],"replies":[{"embeddable":true,"href":"https:\/\/johanna-sophia.de\/index.php?rest_route=%2Fwp%2Fv2%2Fcomments&post=138"}],"version-history":[{"count":10,"href":"https:\/\/johanna-sophia.de\/index.php?rest_route=\/wp\/v2\/pages\/138\/revisions"}],"predecessor-version":[{"id":525,"href":"https:\/\/johanna-sophia.de\/index.php?rest_route=\/wp\/v2\/pages\/138\/revisions\/525"}],"wp:attachment":[{"href":"https:\/\/johanna-sophia.de\/index.php?rest_route=%2Fwp%2Fv2%2Fmedia&parent=138"}],"curies":[{"name":"wp","href":"https:\/\/api.w.org\/{rel}","templated":true}]}}